{"id":19722,"date":"2025-12-11T08:47:02","date_gmt":"2025-12-11T08:47:43","guid":{"rendered":"https:\/\/charme-caractere.org\/?post_type=product&#038;p=19722"},"modified":"2025-12-11T08:58:54","modified_gmt":"2025-12-11T08:58:54","slug":"membership-fee-2026","status":"publish","type":"product","link":"https:\/\/charme-caractere.org\/en\/membership-fee-2026\/","title":{"rendered":"Membership Fee 2026"},"content":{"rendered":"","protected":false},"excerpt":{"rendered":"<p>The base annual fee is determined by your brand and the size of the establishment.<\/p>\n<p>In accordance with our cooperative spirit, each year our members can choose to pay the full fee, pay more or pay less. Everyone can contribute to our budgets according to their means and satisfaction.<\/p>\n","protected":false},"featured_media":14433,"template":"","meta":[],"product_cat":[171],"product_tag":[],"yoast_head":"<!-- This site is optimized with the Yoast SEO Premium plugin v17.2 (Yoast SEO v19.10) - https:\/\/yoast.com\/wordpress\/plugins\/seo\/ -->\n<title>Membership Fee 2026 - Charme &amp; Caract\u00e8re<\/title>\n<meta name=\"robots\" content=\"index, follow, max-snippet:-1, max-image-preview:large, max-video-preview:-1\" \/>\n<link rel=\"canonical\" href=\"https:\/\/charme-caractere.org\/en\/membership-fee-2026\/\" \/>\n<meta property=\"og:locale\" content=\"en_US\" \/>\n<meta property=\"og:type\" content=\"article\" \/>\n<meta property=\"og:title\" content=\"Membership Fee 2026\" \/>\n<meta property=\"og:description\" content=\"The base annual fee is determined by your brand and the size of the establishment.  In accordance with our cooperative spirit, each year our members can choose to pay the full fee, pay more or pay less. Everyone can contribute to our budgets according to their means and satisfaction.\" \/>\n<meta property=\"og:url\" content=\"https:\/\/charme-caractere.org\/en\/membership-fee-2026\/\" \/>\n<meta property=\"og:site_name\" content=\"Charme &amp; Caract\u00e8re\" \/>\n<meta property=\"article:publisher\" content=\"https:\/\/www.facebook.com\/hotelscharmecaractere\/\" \/>\n<meta property=\"article:modified_time\" content=\"2025-12-11T08:58:54+00:00\" \/>\n<meta property=\"og:image\" content=\"https:\/\/charme-caractere.org\/wp-content\/uploads\/2022\/03\/cotise-hcc.jpg\" \/>\n\t<meta property=\"og:image:width\" content=\"667\" \/>\n\t<meta property=\"og:image:height\" content=\"667\" \/>\n\t<meta property=\"og:image:type\" content=\"image\/jpeg\" \/>\n<meta name=\"twitter:card\" content=\"summary_large_image\" \/>\n<script type=\"application\/ld+json\" class=\"yoast-schema-graph\">{\"@context\":\"https:\/\/schema.org\",\"@graph\":[{\"@type\":\"WebPage\",\"@id\":\"https:\/\/charme-caractere.org\/en\/membership-fee-2026\/\",\"url\":\"https:\/\/charme-caractere.org\/en\/membership-fee-2026\/\",\"name\":\"Membership Fee 2026 - Charme &amp; Caract\u00e8re\",\"isPartOf\":{\"@id\":\"https:\/\/charme-caractere.org\/#website\"},\"datePublished\":\"2025-12-11T08:47:43+00:00\",\"dateModified\":\"2025-12-11T08:58:54+00:00\",\"breadcrumb\":{\"@id\":\"https:\/\/charme-caractere.org\/en\/membership-fee-2026\/#breadcrumb\"},\"inLanguage\":\"en-US\",\"potentialAction\":[{\"@type\":\"ReadAction\",\"target\":[\"https:\/\/charme-caractere.org\/en\/membership-fee-2026\/\"]}]},{\"@type\":\"BreadcrumbList\",\"@id\":\"https:\/\/charme-caractere.org\/en\/membership-fee-2026\/#breadcrumb\",\"itemListElement\":[{\"@type\":\"ListItem\",\"position\":1,\"name\":\"Home\",\"item\":\"https:\/\/charme-caractere.org\/en\/\"},{\"@type\":\"ListItem\",\"position\":2,\"name\":\"Products\",\"item\":\"https:\/\/charme-caractere.org\/en\/shop\/\"},{\"@type\":\"ListItem\",\"position\":3,\"name\":\"Membership Fee 2026\"}]},{\"@type\":\"WebSite\",\"@id\":\"https:\/\/charme-caractere.org\/#website\",\"url\":\"https:\/\/charme-caractere.org\/\",\"name\":\"Charme & Caract\u00e8re, h\u00f4teliers solidaires\",\"description\":\"H\u00f4teliers solidaires\",\"publisher\":{\"@id\":\"https:\/\/charme-caractere.org\/#organization\"},\"potentialAction\":[{\"@type\":\"SearchAction\",\"target\":{\"@type\":\"EntryPoint\",\"urlTemplate\":\"https:\/\/charme-caractere.org\/?s={search_term_string}\"},\"query-input\":\"required name=search_term_string\"}],\"inLanguage\":\"en-US\"},{\"@type\":\"Organization\",\"@id\":\"https:\/\/charme-caractere.org\/#organization\",\"name\":\"Charme & Caract\u00e8re\",\"url\":\"https:\/\/charme-caractere.org\/\",\"logo\":{\"@type\":\"ImageObject\",\"inLanguage\":\"en-US\",\"@id\":\"https:\/\/charme-caractere.org\/#\/schema\/logo\/image\/\",\"url\":\"https:\/\/charme-caractere.org\/wp-content\/uploads\/2020\/12\/logo-cc-full-800.png\",\"contentUrl\":\"https:\/\/charme-caractere.org\/wp-content\/uploads\/2020\/12\/logo-cc-full-800.png\",\"width\":800,\"height\":800,\"caption\":\"Charme & Caract\u00e8re\"},\"image\":{\"@id\":\"https:\/\/charme-caractere.org\/#\/schema\/logo\/image\/\"},\"sameAs\":[\"https:\/\/www.instagram.com\/charmecaractere\/\",\"https:\/\/fr.linkedin.com\/company\/hotelscharmecaractere\",\"https:\/\/www.youtube.com\/channel\/UC5KCJyTNtqFtNuotdB4Amow\",\"https:\/\/www.facebook.com\/hotelscharmecaractere\/\"]}]}<\/script>\n<!-- \/ Yoast SEO Premium plugin. -->","yoast_head_json":{"title":"Membership Fee 2026 - Charme &amp; Caract\u00e8re","robots":{"index":"index","follow":"follow","max-snippet":"max-snippet:-1","max-image-preview":"max-image-preview:large","max-video-preview":"max-video-preview:-1"},"canonical":"https:\/\/charme-caractere.org\/en\/membership-fee-2026\/","og_locale":"en_US","og_type":"article","og_title":"Membership Fee 2026","og_description":"The base annual fee is determined by your brand and the size of the establishment.  In accordance with our cooperative spirit, each year our members can choose to pay the full fee, pay more or pay less. Everyone can contribute to our budgets according to their means and satisfaction.","og_url":"https:\/\/charme-caractere.org\/en\/membership-fee-2026\/","og_site_name":"Charme &amp; Caract\u00e8re","article_publisher":"https:\/\/www.facebook.com\/hotelscharmecaractere\/","article_modified_time":"2025-12-11T08:58:54+00:00","og_image":[{"width":667,"height":667,"url":"https:\/\/charme-caractere.org\/wp-content\/uploads\/2022\/03\/cotise-hcc.jpg","type":"image\/jpeg"}],"twitter_card":"summary_large_image","schema":{"@context":"https:\/\/schema.org","@graph":[{"@type":"WebPage","@id":"https:\/\/charme-caractere.org\/en\/membership-fee-2026\/","url":"https:\/\/charme-caractere.org\/en\/membership-fee-2026\/","name":"Membership Fee 2026 - Charme &amp; Caract\u00e8re","isPartOf":{"@id":"https:\/\/charme-caractere.org\/#website"},"datePublished":"2025-12-11T08:47:43+00:00","dateModified":"2025-12-11T08:58:54+00:00","breadcrumb":{"@id":"https:\/\/charme-caractere.org\/en\/membership-fee-2026\/#breadcrumb"},"inLanguage":"en-US","potentialAction":[{"@type":"ReadAction","target":["https:\/\/charme-caractere.org\/en\/membership-fee-2026\/"]}]},{"@type":"BreadcrumbList","@id":"https:\/\/charme-caractere.org\/en\/membership-fee-2026\/#breadcrumb","itemListElement":[{"@type":"ListItem","position":1,"name":"Home","item":"https:\/\/charme-caractere.org\/en\/"},{"@type":"ListItem","position":2,"name":"Products","item":"https:\/\/charme-caractere.org\/en\/shop\/"},{"@type":"ListItem","position":3,"name":"Membership Fee 2026"}]},{"@type":"WebSite","@id":"https:\/\/charme-caractere.org\/#website","url":"https:\/\/charme-caractere.org\/","name":"Charme & Caract\u00e8re, h\u00f4teliers solidaires","description":"H\u00f4teliers solidaires","publisher":{"@id":"https:\/\/charme-caractere.org\/#organization"},"potentialAction":[{"@type":"SearchAction","target":{"@type":"EntryPoint","urlTemplate":"https:\/\/charme-caractere.org\/?s={search_term_string}"},"query-input":"required name=search_term_string"}],"inLanguage":"en-US"},{"@type":"Organization","@id":"https:\/\/charme-caractere.org\/#organization","name":"Charme & Caract\u00e8re","url":"https:\/\/charme-caractere.org\/","logo":{"@type":"ImageObject","inLanguage":"en-US","@id":"https:\/\/charme-caractere.org\/#\/schema\/logo\/image\/","url":"https:\/\/charme-caractere.org\/wp-content\/uploads\/2020\/12\/logo-cc-full-800.png","contentUrl":"https:\/\/charme-caractere.org\/wp-content\/uploads\/2020\/12\/logo-cc-full-800.png","width":800,"height":800,"caption":"Charme & Caract\u00e8re"},"image":{"@id":"https:\/\/charme-caractere.org\/#\/schema\/logo\/image\/"},"sameAs":["https:\/\/www.instagram.com\/charmecaractere\/","https:\/\/fr.linkedin.com\/company\/hotelscharmecaractere","https:\/\/www.youtube.com\/channel\/UC5KCJyTNtqFtNuotdB4Amow","https:\/\/www.facebook.com\/hotelscharmecaractere\/"]}]}},"_links":{"self":[{"href":"https:\/\/charme-caractere.org\/en\/wp-json\/wp\/v2\/product\/19722"}],"collection":[{"href":"https:\/\/charme-caractere.org\/en\/wp-json\/wp\/v2\/product"}],"about":[{"href":"https:\/\/charme-caractere.org\/en\/wp-json\/wp\/v2\/types\/product"}],"version-history":[{"count":0,"href":"https:\/\/charme-caractere.org\/en\/wp-json\/wp\/v2\/product\/19722\/revisions"}],"wp:featuredmedia":[{"embeddable":true,"href":"https:\/\/charme-caractere.org\/en\/wp-json\/wp\/v2\/media\/14433"}],"wp:attachment":[{"href":"https:\/\/charme-caractere.org\/en\/wp-json\/wp\/v2\/media?parent=19722"}],"wp:term":[{"taxonomy":"product_cat","embeddable":true,"href":"https:\/\/charme-caractere.org\/en\/wp-json\/wp\/v2\/product_cat?post=19722"},{"taxonomy":"product_tag","embeddable":true,"href":"https:\/\/charme-caractere.org\/en\/wp-json\/wp\/v2\/product_tag?post=19722"}],"curies":[{"name":"wp","href":"https:\/\/api.w.org\/{rel}","templated":true}]}}