{"id":14128,"date":"2021-11-17T11:08:54","date_gmt":"2021-11-17T11:08:54","guid":{"rendered":"https:\/\/charme-caractere.org\/product\/drapeau-generations-xyz\/"},"modified":"2021-11-17T11:09:04","modified_gmt":"2021-11-17T11:09:04","slug":"drapeau-generations-xyz","status":"publish","type":"product","link":"https:\/\/charme-caractere.org\/en\/drapeau-generations-xyz\/","title":{"rendered":"Drapeau G\u00e9n\u00e9rations XYZ"},"content":{"rendered":"","protected":false},"excerpt":{"rendered":"<p>Drapeau souple<br \/>50 cm x 50 cm<\/p>\n","protected":false},"featured_media":14111,"template":"","meta":[],"product_cat":[140],"product_tag":[],"yoast_head":"<!-- This site is optimized with the Yoast SEO Premium plugin v17.2 (Yoast SEO v19.10) - https:\/\/yoast.com\/wordpress\/plugins\/seo\/ -->\n<title>Drapeau G\u00e9n\u00e9rations XYZ - Charme &amp; Caract\u00e8re<\/title>\n<meta name=\"robots\" content=\"index, follow, max-snippet:-1, max-image-preview:large, max-video-preview:-1\" \/>\n<link rel=\"canonical\" href=\"https:\/\/charme-caractere.org\/en\/drapeau-generations-xyz\/\" \/>\n<meta property=\"og:locale\" content=\"en_US\" \/>\n<meta property=\"og:type\" content=\"article\" \/>\n<meta property=\"og:title\" content=\"Drapeau G\u00e9n\u00e9rations XYZ\" \/>\n<meta property=\"og:description\" content=\"Drapeau souple50 cm x 50 cm\" \/>\n<meta property=\"og:url\" content=\"https:\/\/charme-caractere.org\/en\/drapeau-generations-xyz\/\" \/>\n<meta property=\"og:site_name\" content=\"Charme &amp; Caract\u00e8re\" \/>\n<meta property=\"article:publisher\" content=\"https:\/\/www.facebook.com\/hotelscharmecaractere\/\" \/>\n<meta property=\"article:modified_time\" content=\"2021-11-17T11:09:04+00:00\" \/>\n<meta property=\"og:image\" content=\"https:\/\/charme-caractere.org\/wp-content\/uploads\/2021\/11\/drapeau-generations-xyz-plaque-1.jpg\" \/>\n\t<meta property=\"og:image:width\" content=\"1042\" \/>\n\t<meta property=\"og:image:height\" content=\"1042\" \/>\n\t<meta property=\"og:image:type\" content=\"image\/jpeg\" \/>\n<meta name=\"twitter:card\" content=\"summary_large_image\" \/>\n<script type=\"application\/ld+json\" class=\"yoast-schema-graph\">{\"@context\":\"https:\/\/schema.org\",\"@graph\":[{\"@type\":\"WebPage\",\"@id\":\"https:\/\/charme-caractere.org\/en\/drapeau-generations-xyz\/\",\"url\":\"https:\/\/charme-caractere.org\/en\/drapeau-generations-xyz\/\",\"name\":\"Drapeau G\u00e9n\u00e9rations XYZ - Charme &amp; Caract\u00e8re\",\"isPartOf\":{\"@id\":\"https:\/\/charme-caractere.org\/#website\"},\"datePublished\":\"2021-11-17T11:08:54+00:00\",\"dateModified\":\"2021-11-17T11:09:04+00:00\",\"breadcrumb\":{\"@id\":\"https:\/\/charme-caractere.org\/en\/drapeau-generations-xyz\/#breadcrumb\"},\"inLanguage\":\"en-US\",\"potentialAction\":[{\"@type\":\"ReadAction\",\"target\":[\"https:\/\/charme-caractere.org\/en\/drapeau-generations-xyz\/\"]}]},{\"@type\":\"BreadcrumbList\",\"@id\":\"https:\/\/charme-caractere.org\/en\/drapeau-generations-xyz\/#breadcrumb\",\"itemListElement\":[{\"@type\":\"ListItem\",\"position\":1,\"name\":\"Home\",\"item\":\"https:\/\/charme-caractere.org\/en\/\"},{\"@type\":\"ListItem\",\"position\":2,\"name\":\"Products\",\"item\":\"https:\/\/charme-caractere.org\/en\/shop\/\"},{\"@type\":\"ListItem\",\"position\":3,\"name\":\"Drapeau G\u00e9n\u00e9rations XYZ\"}]},{\"@type\":\"WebSite\",\"@id\":\"https:\/\/charme-caractere.org\/#website\",\"url\":\"https:\/\/charme-caractere.org\/\",\"name\":\"Charme & Caract\u00e8re, h\u00f4teliers solidaires\",\"description\":\"H\u00f4teliers solidaires\",\"publisher\":{\"@id\":\"https:\/\/charme-caractere.org\/#organization\"},\"potentialAction\":[{\"@type\":\"SearchAction\",\"target\":{\"@type\":\"EntryPoint\",\"urlTemplate\":\"https:\/\/charme-caractere.org\/?s={search_term_string}\"},\"query-input\":\"required name=search_term_string\"}],\"inLanguage\":\"en-US\"},{\"@type\":\"Organization\",\"@id\":\"https:\/\/charme-caractere.org\/#organization\",\"name\":\"Charme & Caract\u00e8re\",\"url\":\"https:\/\/charme-caractere.org\/\",\"logo\":{\"@type\":\"ImageObject\",\"inLanguage\":\"en-US\",\"@id\":\"https:\/\/charme-caractere.org\/#\/schema\/logo\/image\/\",\"url\":\"https:\/\/charme-caractere.org\/wp-content\/uploads\/2020\/12\/logo-cc-full-800.png\",\"contentUrl\":\"https:\/\/charme-caractere.org\/wp-content\/uploads\/2020\/12\/logo-cc-full-800.png\",\"width\":800,\"height\":800,\"caption\":\"Charme & Caract\u00e8re\"},\"image\":{\"@id\":\"https:\/\/charme-caractere.org\/#\/schema\/logo\/image\/\"},\"sameAs\":[\"https:\/\/www.instagram.com\/charmecaractere\/\",\"https:\/\/fr.linkedin.com\/company\/hotelscharmecaractere\",\"https:\/\/www.youtube.com\/channel\/UC5KCJyTNtqFtNuotdB4Amow\",\"https:\/\/www.facebook.com\/hotelscharmecaractere\/\"]}]}<\/script>\n<!-- \/ Yoast SEO Premium plugin. -->","yoast_head_json":{"title":"Drapeau G\u00e9n\u00e9rations XYZ - Charme &amp; Caract\u00e8re","robots":{"index":"index","follow":"follow","max-snippet":"max-snippet:-1","max-image-preview":"max-image-preview:large","max-video-preview":"max-video-preview:-1"},"canonical":"https:\/\/charme-caractere.org\/en\/drapeau-generations-xyz\/","og_locale":"en_US","og_type":"article","og_title":"Drapeau G\u00e9n\u00e9rations XYZ","og_description":"Drapeau souple50 cm x 50 cm","og_url":"https:\/\/charme-caractere.org\/en\/drapeau-generations-xyz\/","og_site_name":"Charme &amp; Caract\u00e8re","article_publisher":"https:\/\/www.facebook.com\/hotelscharmecaractere\/","article_modified_time":"2021-11-17T11:09:04+00:00","og_image":[{"width":1042,"height":1042,"url":"https:\/\/charme-caractere.org\/wp-content\/uploads\/2021\/11\/drapeau-generations-xyz-plaque-1.jpg","type":"image\/jpeg"}],"twitter_card":"summary_large_image","schema":{"@context":"https:\/\/schema.org","@graph":[{"@type":"WebPage","@id":"https:\/\/charme-caractere.org\/en\/drapeau-generations-xyz\/","url":"https:\/\/charme-caractere.org\/en\/drapeau-generations-xyz\/","name":"Drapeau G\u00e9n\u00e9rations XYZ - Charme &amp; Caract\u00e8re","isPartOf":{"@id":"https:\/\/charme-caractere.org\/#website"},"datePublished":"2021-11-17T11:08:54+00:00","dateModified":"2021-11-17T11:09:04+00:00","breadcrumb":{"@id":"https:\/\/charme-caractere.org\/en\/drapeau-generations-xyz\/#breadcrumb"},"inLanguage":"en-US","potentialAction":[{"@type":"ReadAction","target":["https:\/\/charme-caractere.org\/en\/drapeau-generations-xyz\/"]}]},{"@type":"BreadcrumbList","@id":"https:\/\/charme-caractere.org\/en\/drapeau-generations-xyz\/#breadcrumb","itemListElement":[{"@type":"ListItem","position":1,"name":"Home","item":"https:\/\/charme-caractere.org\/en\/"},{"@type":"ListItem","position":2,"name":"Products","item":"https:\/\/charme-caractere.org\/en\/shop\/"},{"@type":"ListItem","position":3,"name":"Drapeau G\u00e9n\u00e9rations XYZ"}]},{"@type":"WebSite","@id":"https:\/\/charme-caractere.org\/#website","url":"https:\/\/charme-caractere.org\/","name":"Charme & Caract\u00e8re, h\u00f4teliers solidaires","description":"H\u00f4teliers solidaires","publisher":{"@id":"https:\/\/charme-caractere.org\/#organization"},"potentialAction":[{"@type":"SearchAction","target":{"@type":"EntryPoint","urlTemplate":"https:\/\/charme-caractere.org\/?s={search_term_string}"},"query-input":"required name=search_term_string"}],"inLanguage":"en-US"},{"@type":"Organization","@id":"https:\/\/charme-caractere.org\/#organization","name":"Charme & Caract\u00e8re","url":"https:\/\/charme-caractere.org\/","logo":{"@type":"ImageObject","inLanguage":"en-US","@id":"https:\/\/charme-caractere.org\/#\/schema\/logo\/image\/","url":"https:\/\/charme-caractere.org\/wp-content\/uploads\/2020\/12\/logo-cc-full-800.png","contentUrl":"https:\/\/charme-caractere.org\/wp-content\/uploads\/2020\/12\/logo-cc-full-800.png","width":800,"height":800,"caption":"Charme & Caract\u00e8re"},"image":{"@id":"https:\/\/charme-caractere.org\/#\/schema\/logo\/image\/"},"sameAs":["https:\/\/www.instagram.com\/charmecaractere\/","https:\/\/fr.linkedin.com\/company\/hotelscharmecaractere","https:\/\/www.youtube.com\/channel\/UC5KCJyTNtqFtNuotdB4Amow","https:\/\/www.facebook.com\/hotelscharmecaractere\/"]}]}},"_links":{"self":[{"href":"https:\/\/charme-caractere.org\/en\/wp-json\/wp\/v2\/product\/14128"}],"collection":[{"href":"https:\/\/charme-caractere.org\/en\/wp-json\/wp\/v2\/product"}],"about":[{"href":"https:\/\/charme-caractere.org\/en\/wp-json\/wp\/v2\/types\/product"}],"version-history":[{"count":0,"href":"https:\/\/charme-caractere.org\/en\/wp-json\/wp\/v2\/product\/14128\/revisions"}],"wp:featuredmedia":[{"embeddable":true,"href":"https:\/\/charme-caractere.org\/en\/wp-json\/wp\/v2\/media\/14111"}],"wp:attachment":[{"href":"https:\/\/charme-caractere.org\/en\/wp-json\/wp\/v2\/media?parent=14128"}],"wp:term":[{"taxonomy":"product_cat","embeddable":true,"href":"https:\/\/charme-caractere.org\/en\/wp-json\/wp\/v2\/product_cat?post=14128"},{"taxonomy":"product_tag","embeddable":true,"href":"https:\/\/charme-caractere.org\/en\/wp-json\/wp\/v2\/product_tag?post=14128"}],"curies":[{"name":"wp","href":"https:\/\/api.w.org\/{rel}","templated":true}]}}